{"id":3366,"date":"2023-05-13T07:57:15","date_gmt":"2023-05-13T05:57:15","guid":{"rendered":"https:\/\/www.cleverhomelabs.com\/v4\/?page_id=3366"},"modified":"2026-03-19T15:56:54","modified_gmt":"2026-03-19T13:56:54","slug":"clever-home-labs-2","status":"publish","type":"page","link":"https:\/\/www.cleverhomelabs.com\/v4\/index.php\/clever-home-labs-2\/","title":{"rendered":"Clever Home Labs 2"},"content":{"rendered":"<div class=\"wpb-content-wrapper\"><p>[vc_row anchor=&#8220;energiewende&#8220; content_aligment=&#8220;center&#8220; css=&#8220;.vc_custom_1688206075380{padding-top: -10px !important;padding-bottom: 71px !important;}&#8220;][vc_column width=&#8220;1\/2&#8243;][vc_empty_space height=&#8220;54px&#8220;][vc_single_image image=&#8220;2244&#8243; img_size=&#8220;medium&#8220; alignment=&#8220;center&#8220; css=&#8220;.vc_custom_1688287911104{padding-top: -15px !important;}&#8220;][vc_empty_space height=&#8220;54px&#8220;][\/vc_column][vc_column width=&#8220;1\/2&#8243;][vc_empty_space height=&#8220;54px&#8220;][vc_column_text]<\/p>\n<h2>Einfach Clever<\/h2>\n<p>[\/vc_column_text][vc_column_text]Wir machen aus Energie und Ressourcen Z\u00e4hlern (z.B. moderne Messeinrichtung) clevere Smart Meter. Das geht nat\u00fcrlich am besten mit elektronischen Z\u00e4hlern aber wir k\u00f6nnen auch Analoge Z\u00e4hler in Smart Meter verwandeln.[\/vc_column_text][\/vc_column][vc_column][vc_empty_space][vc_single_image image=&#8220;3909&#8243; img_size=&#8220;large&#8220; alignment=&#8220;center&#8220; onclick=&#8220;custom_link&#8220; css=&#8220;&#8220; title=&#8220;Wir waren auch wieder mit dabei!&#8220; link=&#8220;https:\/\/events.hk24.de\/b?p=2025-2006&#8243;][vc_empty_space][\/vc_column][\/vc_row][vc_row content_aligment=&#8220;center&#8220; css=&#8220;.vc_custom_1688206065813{padding-top: -10px !important;padding-bottom: 71px !important;background-color: #f2f2f2 !important;}&#8220;][vc_column width=&#8220;1\/3&#8243; css=&#8220;.vc_custom_1660977208332{margin-right: 10px !important;margin-bottom: 20px !important;margin-left: 10px !important;padding-left: 0px !important;}&#8220;][vc_empty_space height=&#8220;54px&#8220;]\n    <span class=\"qodef-icon-shortcode circle qodef-icon-medium\"  >\n        \n        <i class=\"qodef-icon-font-awesome fa fa-binoculars qodef-icon-element\" style=\"\" ><\/i>\n            <\/span>\n\n[vc_column_text]<\/p>\n<h3>Verbrauchs\u00fcbersicht<\/h3>\n<p>[\/vc_column_text][vc_column_text css=&#8220;.vc_custom_1683975788231{padding-right: 30px !important;padding-left: 30px !important;}&#8220;]Einfache Darstellung der Momentanverbr\u00e4uche, Z\u00e4hlerst\u00e4nde, Kosten und CO2 Verbr\u00e4uche<\/p>\n<p>[\/vc_column_text][\/vc_column][vc_column width=&#8220;1\/3&#8243; css=&#8220;.vc_custom_1660977231817{margin-right: 10px !important;margin-bottom: 10px !important;margin-left: 10px !important;}&#8220;][vc_empty_space height=&#8220;54px&#8220;]\n    <span class=\"qodef-icon-shortcode circle qodef-icon-medium\" style=\"background-color: #545454\" >\n        \n        <i class=\"qodef-icon-font-awesome fa fa-exclamation-triangle qodef-icon-element\" style=\"\" ><\/i>\n            <\/span>\n\n[vc_column_text]<\/p>\n<h3>Problemfr\u00fcherkennung<\/h3>\n<p>[\/vc_column_text][vc_column_text css=&#8220;.vc_custom_1683958688418{padding-right: 30px !important;padding-left: 30px !important;}&#8220;]Erkennung von ungew\u00f6hnlichen Verbr\u00e4uchen oder auch konstant laufenden Wassers[\/vc_column_text][\/vc_column][vc_column width=&#8220;1\/3&#8243;][vc_empty_space height=&#8220;54px&#8220;]\n    <span class=\"qodef-icon-shortcode circle qodef-icon-medium\" style=\"background-color: #b50a1f\" >\n        \n        <i class=\"qodef-icon-font-awesome fa fa-comment qodef-icon-element\" style=\"\" ><\/i>\n            <\/span>\n\n[vc_column_text]<\/p>\n<h3>Definierbare Warnungen<\/h3>\n<p>[\/vc_column_text][vc_column_text css=&#8220;.vc_custom_1683958799246{padding-right: 30px !important;padding-left: 30px !important;}&#8220;]Sofortige ALARMIERUNG bei Wasserleckagen und auch bei bestimmten Schwellwerten.[\/vc_column_text][\/vc_column][\/vc_row][vc_row content_aligment=&#8220;center&#8220; css=&#8220;.vc_custom_1683956042383{padding-top: -10px !important;padding-bottom: 71px !important;}&#8220;][vc_column][vc_empty_space][\/vc_column][vc_column width=&#8220;1\/2&#8243;][vc_empty_space height=&#8220;54px&#8220;][vc_single_image image=&#8220;3713&#8243; img_size=&#8220;300&#215;166&#8243; alignment=&#8220;center&#8220; css_animation=&#8220;none&#8220; css=&#8220;&#8220;][vc_single_image image=&#8220;3694&#8243; img_size=&#8220;150&#215;55&#8243; alignment=&#8220;center&#8220; css=&#8220;&#8220;][\/vc_column][vc_column width=&#8220;1\/2&#8243;][vc_empty_space height=&#8220;54px&#8220;][vc_column_text]<\/p>\n<h3>Clevere Sensoren und Datenspeicher<\/h3>\n<p>[\/vc_column_text][vc_column_text]Unser CDC ist das Herzst\u00fcck in unserem Sensoren Eco-System auf welches wir \u00a0auch bereits ein Patent eingereicht haben. Multimetering auf neustem Level!<br \/>\nUnsere Sensoren unterst\u00fctzen dabei modernste \u00dcbertagungsstandards (z.B. LoRa) um Strom, Wasser, Gas, W\u00e4rme Z\u00e4hler auszulesen. &#8230; <a href=\"https:\/\/www.cleverhomelabs.com\/v4\/index.php\/system-komponenten\/\">[weiter]<\/a>[\/vc_column_text][vc_empty_space height=&#8220;54px&#8220;][\/vc_column][\/vc_row][vc_row content_aligment=&#8220;center&#8220; css=&#8220;.vc_custom_1683956042383{padding-top: -10px !important;padding-bottom: 71px !important;}&#8220;][vc_column][vc_empty_space height=&#8220;54&#8243;][\/vc_column][vc_column width=&#8220;1\/2&#8243; css=&#8220;.vc_custom_1660977231817{margin-right: 10px !important;margin-bottom: 10px !important;margin-left: 10px !important;}&#8220;][vc_empty_space height=&#8220;20&#8243;][vc_column_text]<\/p>\n<h3>Server und App Softwarel\u00f6sungen<\/h3>\n<p>[\/vc_column_text][vc_column_text css=&#8220;.vc_custom_1684655082464{padding-right: 30px !important;padding-left: 30px !important;}&#8220;]Durch Analyse und Visualisierung des individuellen Verbrauchs und Nutzungsverhaltens ist es m\u00f6glich einen wichtigen Beitrag zu Reduzierung des CO2 Verbrauchs des jeweiligen Haushalts oder Gewerbebetriebs zu leisten. &#8230; <a href=\"https:\/\/www.cleverhomelabs.com\/v4\/index.php\/system-komponenten\/software\/\">[weiter]<\/a>[\/vc_column_text][vc_empty_space height=&#8220;54&#8243;][\/vc_column][vc_column width=&#8220;1\/2&#8243; css=&#8220;.vc_custom_1660977208332{margin-right: 10px !important;margin-bottom: 20px !important;margin-left: 10px !important;padding-left: 0px !important;}&#8220;][vc_empty_space height=&#8220;20&#8243;][vc_single_image image=&#8220;3481&#8243; img_size=&#8220;316&#215;360&#8243; alignment=&#8220;center&#8220;][vc_empty_space height=&#8220;54&#8243;][\/vc_column][vc_column css=&#8220;.vc_custom_1688279259383{padding-top: 54px !important;padding-bottom: 54px !important;background-color: #f2f2f2 !important;}&#8220;][vc_column_text]<\/p>\n<h3>Anwendungsbereiche<\/h3>\n<p>[\/vc_column_text]<div class=\"qodef-testimonials-holder qodef-grid-section clearfix\"><div class=\"qodef-testimonials transparent standard_carousel\"  data-animation-speed =\"12000\" data-layout =\"standard_carousel\"><div class=\"qodef-testimonials-slider-item\"><div id=\"qodef-testimonials3476\" class=\"qodef-testimonial-content\">\n\t<div class=\"qodef-testimonial-content-inner\">\n                    <div class=\"qodef-testimonial-image-holder\">\n                <img fetchpriority=\"high\" decoding=\"async\" width=\"1024\" height=\"640\" src=\"https:\/\/www.cleverhomelabs.com\/v4\/wp-content\/uploads\/2022\/08\/iStock-510162486_1024-e1688278457667.jpg\" class=\"attachment-3476 size-3476 wp-post-image\" alt=\"\" srcset=\"https:\/\/www.cleverhomelabs.com\/v4\/wp-content\/uploads\/2022\/08\/iStock-510162486_1024-e1688278457667.jpg 1024w, https:\/\/www.cleverhomelabs.com\/v4\/wp-content\/uploads\/2022\/08\/iStock-510162486_1024-e1688278457667-300x188.jpg 300w, https:\/\/www.cleverhomelabs.com\/v4\/wp-content\/uploads\/2022\/08\/iStock-510162486_1024-e1688278457667-768x480.jpg 768w\" sizes=\"(max-width: 1024px) 100vw, 1024px\" \/>            <\/div>\n        \t\t<div class=\"qodef-testimonial-text-holder\">\n\t\t\t<div class=\"qodef-testimonial-text-inner\">\n                <div class=\"qodef-testimonial-info-holder\">\n                                    <\/div>\n\t\t\t\t\t\t\t\t\t<p class=\"qodef-testimonial-title\">\n\t\t\t\t\t\tBetriebe\t\t\t\t\t<\/p>\n\t\t\t\t\t\t\t\t<p class=\"qodef-testimonial-text\">Auch Gewerbebetriebe haben einen erh\u00f6hten Bedarf an Analyse und Visualisierung Ihres Energieverbrauchs und damit ihres CO2 Footprints.<\/p>\n\t\t\t<\/div>\n        <\/div>\n\t<\/div>\n<\/div>\n<\/div><div class=\"qodef-testimonials-slider-item\"><div id=\"qodef-testimonials3475\" class=\"qodef-testimonial-content\">\n\t<div class=\"qodef-testimonial-content-inner\">\n                    <div class=\"qodef-testimonial-image-holder\">\n                <img decoding=\"async\" width=\"1024\" height=\"640\" src=\"https:\/\/www.cleverhomelabs.com\/v4\/wp-content\/uploads\/2022\/08\/iStock-1050882116_1024-e1688278398602.jpg\" class=\"attachment-3475 size-3475 wp-post-image\" alt=\"\" srcset=\"https:\/\/www.cleverhomelabs.com\/v4\/wp-content\/uploads\/2022\/08\/iStock-1050882116_1024-e1688278398602.jpg 1024w, https:\/\/www.cleverhomelabs.com\/v4\/wp-content\/uploads\/2022\/08\/iStock-1050882116_1024-e1688278398602-300x188.jpg 300w, https:\/\/www.cleverhomelabs.com\/v4\/wp-content\/uploads\/2022\/08\/iStock-1050882116_1024-e1688278398602-768x480.jpg 768w\" sizes=\"(max-width: 1024px) 100vw, 1024px\" \/>            <\/div>\n        \t\t<div class=\"qodef-testimonial-text-holder\">\n\t\t\t<div class=\"qodef-testimonial-text-inner\">\n                <div class=\"qodef-testimonial-info-holder\">\n                                    <\/div>\n\t\t\t\t\t\t\t\t\t<p class=\"qodef-testimonial-title\">\n\t\t\t\t\t\tEnergieberater\t\t\t\t\t<\/p>\n\t\t\t\t\t\t\t\t<p class=\"qodef-testimonial-text\">Durch die kontinuierliche Analyse der individuellen Verbrauchs- und Nutzungsdaten ist es m\u00f6glich, zur Reduzierung des CO2 Verbrauchs von Haushalten oder Gewerbebetrieben beizutragen.<\/p>\n\t\t\t<\/div>\n        <\/div>\n\t<\/div>\n<\/div>\n<\/div><div class=\"qodef-testimonials-slider-item\"><div id=\"qodef-testimonials3474\" class=\"qodef-testimonial-content\">\n\t<div class=\"qodef-testimonial-content-inner\">\n                    <div class=\"qodef-testimonial-image-holder\">\n                <img decoding=\"async\" width=\"1024\" height=\"640\" src=\"https:\/\/www.cleverhomelabs.com\/v4\/wp-content\/uploads\/2022\/08\/iStock-1165384568_1024.jpg\" class=\"attachment-3474 size-3474 wp-post-image\" alt=\"\" srcset=\"https:\/\/www.cleverhomelabs.com\/v4\/wp-content\/uploads\/2022\/08\/iStock-1165384568_1024.jpg 1024w, https:\/\/www.cleverhomelabs.com\/v4\/wp-content\/uploads\/2022\/08\/iStock-1165384568_1024-300x188.jpg 300w, https:\/\/www.cleverhomelabs.com\/v4\/wp-content\/uploads\/2022\/08\/iStock-1165384568_1024-768x480.jpg 768w, https:\/\/www.cleverhomelabs.com\/v4\/wp-content\/uploads\/2022\/08\/iStock-1165384568_1024-600x375.jpg 600w\" sizes=\"(max-width: 1024px) 100vw, 1024px\" \/>            <\/div>\n        \t\t<div class=\"qodef-testimonial-text-holder\">\n\t\t\t<div class=\"qodef-testimonial-text-inner\">\n                <div class=\"qodef-testimonial-info-holder\">\n                                    <\/div>\n\t\t\t\t\t\t\t\t\t<p class=\"qodef-testimonial-title\">\n\t\t\t\t\t\tWohnungsverwaltungen\t\t\t\t\t<\/p>\n\t\t\t\t\t\t\t\t<p class=\"qodef-testimonial-text\">Durch Visualisierung Bewusstsein und M\u00f6glichkeiten, den Mieter zur Optimieren des CO2 Footprints beitragen lassen. Haus- und Immobilienverwalter werden von der MERICK GmbH betreut.<\/p>\n\t\t\t<\/div>\n        <\/div>\n\t<\/div>\n<\/div>\n<\/div><div class=\"qodef-testimonials-slider-item\"><div id=\"qodef-testimonials3467\" class=\"qodef-testimonial-content\">\n\t<div class=\"qodef-testimonial-content-inner\">\n                    <div class=\"qodef-testimonial-image-holder\">\n                <img loading=\"lazy\" decoding=\"async\" width=\"1024\" height=\"640\" src=\"https:\/\/www.cleverhomelabs.com\/v4\/wp-content\/uploads\/2022\/08\/iStock-96666533_1024-e1688278503744.jpg\" class=\"attachment-3467 size-3467 wp-post-image\" alt=\"\" srcset=\"https:\/\/www.cleverhomelabs.com\/v4\/wp-content\/uploads\/2022\/08\/iStock-96666533_1024-e1688278503744.jpg 1024w, https:\/\/www.cleverhomelabs.com\/v4\/wp-content\/uploads\/2022\/08\/iStock-96666533_1024-e1688278503744-300x188.jpg 300w, https:\/\/www.cleverhomelabs.com\/v4\/wp-content\/uploads\/2022\/08\/iStock-96666533_1024-e1688278503744-768x480.jpg 768w\" sizes=\"(max-width: 1024px) 100vw, 1024px\" \/>            <\/div>\n        \t\t<div class=\"qodef-testimonial-text-holder\">\n\t\t\t<div class=\"qodef-testimonial-text-inner\">\n                <div class=\"qodef-testimonial-info-holder\">\n                                    <\/div>\n\t\t\t\t\t\t\t\t\t<p class=\"qodef-testimonial-title\">\n\t\t\t\t\t\tEnergieversorger\t\t\t\t\t<\/p>\n\t\t\t\t\t\t\t\t<p class=\"qodef-testimonial-text\">Aus jeder intelligenten Messeinrichtung ein Smart Meter machen und Visualisierung f\u00fcr Strom, Gas, Wasser etc. erm\u00f6glichen.<\/p>\n\t\t\t<\/div>\n        <\/div>\n\t<\/div>\n<\/div>\n<\/div><\/div><\/div><\/div>[\/vc_column][\/vc_row][vc_row][vc_column][vc_empty_space][\/vc_column][\/vc_row][vc_row content_aligment=&#8220;center&#8220;][vc_column]<a href=\"\/downloads\/Actual2025Kunde.mov\" target=\"_self\"  class=\"qodef-btn qodef-btn-huge qodef-btn-solid\"  >\n        <span class=\"qodef-btn-text\">Produktpr\u00e4sentation 2025<\/span>\n    <span class=\"qodef-btn-text-icon\"><\/span>\n<\/a>[\/vc_column][\/vc_row][vc_row][vc_column][vc_empty_space][\/vc_column][\/vc_row][vc_row css=&#8220;.vc_custom_1772712176687{padding-top: 70px !important;background-color: #EEEEEE !important;}&#8220;][vc_column width=&#8220;1\/2&#8243;][vc_column_text css=&#8220;&#8220;]<\/p>\n<h3 class=\"rs-layer FullSiteBlock-Title rs-pxl-1\" style=\"text-align: center;\" data-type=\"text\" data-color=\"rgba(51,51,51,1)\" data-rsp_ch=\"on\" data-xy=\"x:c;yo:100px,120px,100px,60px;\" data-text=\"w:normal;s:45,45,40,30;l:55,55,50,40;fw:300;a:center;\" data-dim=\"w:500px,500px,350px,300px;\" data-frame_0=\"y:50px;\" data-frame_1=\"e:power4.out;st:250;sp:2500;\" data-frame_999=\"y:10px;o:0;e:power4.out;st:w;sp:500;\" data-idcheck=\"true\" data-stylerecorder=\"true\" data-initialised=\"true\">Energie-, Resource und<br \/>\nCO\u2082\u00a0Optimierung \/ Reporting<\/h3>\n<h4 style=\"text-align: center;\">mittels unserer System-Komponenten und<\/h4>\n<h3 style=\"text-align: center;\"><a href=\"http:\/\/cleversolutionlab.com\">Clever Solution Lab<\/a><\/h3>\n<p>[\/vc_column_text][\/vc_column][vc_column width=&#8220;1\/2&#8243; css=&#8220;.vc_custom_1772712381738{padding-top: 10px !important;}&#8220;][vc_column_text css=&#8220;.vc_custom_1772712453755{padding-bottom: 71px !important;}&#8220;]Wir helfen Unternehmen, ihren Energieverbrauch technisch transparent zu machen und daraus messbare ESG-Kennzahlen und CO\u2082-Daten abzuleiten.<\/p>\n<p>Unser Fokus liegt auf dem Environmental-Teil \u2014 also Energie, Effizienz und Dekarbonisierung!<\/p>\n<p>Kurz gesagt: Wir machen ESG im Mittelstand messbar und umsetzbar \u2014 \u00fcber echte Energiedaten.\u201c[\/vc_column_text][\/vc_column][\/vc_row][vc_row content_aligment=&#8220;center&#8220; css=&#8220;.vc_custom_1660907716886{margin-right: 20px !important;margin-left: 20px !important;padding-bottom: 70px !important;}&#8220;][vc_column width=&#8220;1\/2&#8243;][vc_empty_space height=&#8220;33px&#8220;][vc_single_image image=&#8220;1353&#8243; img_size=&#8220;213&#215;160&#8243; alignment=&#8220;center&#8220; css_animation=&#8220;none&#8220;][vc_column_text css=&#8220;.vc_custom_1772712601231{padding-top: 32px !important;padding-bottom: 32px !important;}&#8220;]<\/p>\n<h3>Kenntnis erm\u00f6glicht erst die Optimierung<\/h3>\n<p>[\/vc_column_text][vc_column_text css=&#8220;&#8220;]Reduktion von fossilen Energietr\u00e4gern, Fridays for Future, Klimawandel. All diese Punkte stehen mehr und mehr im Fokus. Die Dekarbonisierung ist ein erkl\u00e4rtes Ziel der Bundesregierung. Besonders unter der Ber\u00fccksichtigung der kommenden CO2 Zertifikate.[\/vc_column_text][\/vc_column][vc_column width=&#8220;1\/2&#8243;][vc_empty_space height=&#8220;33px&#8220;][vc_single_image image=&#8220;1379&#8243; img_size=&#8220;medium&#8220; alignment=&#8220;center&#8220; css_animation=&#8220;none&#8220;][vc_column_text css=&#8220;.vc_custom_1772712608558{padding-top: 32px !important;padding-bottom: 32px !important;}&#8220;]<\/p>\n<h3>Spielerisch die Energiewende unterst\u00fctzen<\/h3>\n<p>[\/vc_column_text][vc_column_text]Auch Schulen und andere Bildungseinrichtungen sind in unserm Focus. So k\u00f6nnen z. B. auch Schulklassen Spielerisch den nachhaltigen Umgang mit dem individuellen CO2 Footprint in unseren Apps lernen. Da haben wir f\u00fcr die Zukunft noch viele innovative Ideen.[\/vc_column_text][\/vc_column][\/vc_row][vc_row content_aligment=&#8220;center&#8220; css=&#8220;.vc_custom_1741337218958{padding-top: -10px !important;padding-bottom: 71px !important;background-color: #EEEEEE !important;}&#8220;][vc_column][vc_empty_space][\/vc_column][vc_column width=&#8220;1\/2&#8243;][vc_empty_space height=&#8220;54px&#8220;][vc_single_image image=&#8220;3696&#8243; img_size=&#8220;99&#215;200&#8243; alignment=&#8220;center&#8220; css_animation=&#8220;none&#8220; css=&#8220;.vc_custom_1741337098120{padding-top: 10px !important;padding-bottom: 10px !important;}&#8220;][vc_single_image image=&#8220;3697&#8243; img_size=&#8220;100&#215;100&#8243; alignment=&#8220;center&#8220; css=&#8220;.vc_custom_1741337108286{padding-top: 10px !important;padding-bottom: 10px !important;}&#8220;][\/vc_column][vc_column width=&#8220;1\/2&#8243;][vc_empty_space height=&#8220;54px&#8220;][vc_column_text css=&#8220;&#8220;]<\/p>\n<h3>Umwelt<\/h3>\n<p>[\/vc_column_text][vc_column_text css=&#8220;&#8220;]<\/p>\n<p style=\"text-align: left;\">Bei Clever Home Labs bem\u00fchen wir uns f\u00fcr eine gute Kreislaufwirtschaft. Dieses spart Ressourcen, hilft eine nachhaltige Wirtschaft zu beschleunigen und gleichzeitig hat es positive \u00f6kologische und wirtschaftliche Auswirkungen.<\/p>\n<p style=\"text-align: left;\">Zum Beispiel versenden wir Austauschger\u00e4te in wiederverwendbaren Verpackungen mit R\u00fccksendelabel so das die Ger\u00e4te einfach vom Kunden ohne gro\u00dfe M\u00fche an uns zur\u00fcckgesendet werden k\u00f6nnen. R\u00fcckl\u00e4ufer werden bei uns im Haus ausgiebig getestet, ggf. repariert \u00a0und mit der neusten Firmware auf den neusten Stand gebracht. Anschlie\u00dfend k\u00f6nnen die Ger\u00e4te zur\u00fcck in den normalen Betrieb gehen.<\/p>\n<p style=\"text-align: left;\"><a href=\"https:\/\/www.hamburg.de\/politik-und-verwaltung\/behoerden\/bukea\/themen\/betrieblicher-umweltschutz\/umweltpartnerschaft\">UmweltPartnerschaft Hamburg<\/a><\/p>\n<p>[\/vc_column_text][vc_empty_space height=&#8220;54px&#8220;][\/vc_column][\/vc_row]<\/p>\n<\/div>","protected":false},"excerpt":{"rendered":"<p>[vc_row anchor=&#8220;energiewende&#8220; content_aligment=&#8220;center&#8220; css=&#8220;.vc_custom_1688206075380{padding-top: -10px !important;padding-bottom: 71px !important;}&#8220;][vc_column width=&#8220;1\/2&#8243;][vc_empty_space height=&#8220;54px&#8220;][vc_single_image image=&#8220;2244&#8243; img_size=&#8220;medium&#8220; alignment=&#8220;center&#8220; css=&#8220;.vc_custom_1688287911104{padding-top: -15px !important;}&#8220;][vc_empty_space height=&#8220;54px&#8220;][\/vc_column][vc_column width=&#8220;1\/2&#8243;][vc_empty_space height=&#8220;54px&#8220;][vc_column_text] Einfach Clever [\/vc_column_text][vc_column_text]Wir machen aus Energie und Ressourcen Z\u00e4hlern (z.B. moderne Messeinrichtung) clevere Smart Meter. Das geht nat\u00fcrlich am besten mit elektronischen Z\u00e4hlern aber wir k\u00f6nnen&#8230;<\/p>\n","protected":false},"author":1,"featured_media":0,"parent":0,"menu_order":0,"comment_status":"closed","ping_status":"closed","template":"","meta":{"footnotes":""},"class_list":["post-3366","page","type-page","status-publish","hentry"],"_links":{"self":[{"href":"https:\/\/www.cleverhomelabs.com\/v4\/index.php\/wp-json\/wp\/v2\/pages\/3366","targetHints":{"allow":["GET"]}}],"collection":[{"href":"https:\/\/www.cleverhomelabs.com\/v4\/index.php\/wp-json\/wp\/v2\/pages"}],"about":[{"href":"https:\/\/www.cleverhomelabs.com\/v4\/index.php\/wp-json\/wp\/v2\/types\/page"}],"author":[{"embeddable":true,"href":"https:\/\/www.cleverhomelabs.com\/v4\/index.php\/wp-json\/wp\/v2\/users\/1"}],"replies":[{"embeddable":true,"href":"https:\/\/www.cleverhomelabs.com\/v4\/index.php\/wp-json\/wp\/v2\/comments?post=3366"}],"version-history":[{"count":73,"href":"https:\/\/www.cleverhomelabs.com\/v4\/index.php\/wp-json\/wp\/v2\/pages\/3366\/revisions"}],"predecessor-version":[{"id":4091,"href":"https:\/\/www.cleverhomelabs.com\/v4\/index.php\/wp-json\/wp\/v2\/pages\/3366\/revisions\/4091"}],"wp:attachment":[{"href":"https:\/\/www.cleverhomelabs.com\/v4\/index.php\/wp-json\/wp\/v2\/media?parent=3366"}],"curies":[{"name":"wp","href":"https:\/\/api.w.org\/{rel}","templated":true}]}}