{"id":2262,"date":"2022-04-25T15:54:54","date_gmt":"2022-04-25T13:54:54","guid":{"rendered":"http:\/\/www.cleverhomelabs.com\/stageV3_53798\/?page_id=2262"},"modified":"2026-03-19T15:57:10","modified_gmt":"2026-03-19T13:57:10","slug":"clever-home-labs","status":"publish","type":"page","link":"https:\/\/www.cleverhomelabs.com\/v4\/index.php\/clever-home-labs\/","title":{"rendered":"Clever Home Labs OLD"},"content":{"rendered":"<div class=\"wpb-content-wrapper\"><p>[vc_row anchor=&#8220;energiewende&#8220; content_aligment=&#8220;center&#8220; css=&#8220;.vc_custom_1688205546073{padding-top: -10px !important;padding-bottom: 71px !important;background-color: #f0ede8 !important;}&#8220;][vc_column][vc_single_image image=&#8220;2244&#8243; img_size=&#8220;400&#215;200&#8243; alignment=&#8220;center&#8220; css=&#8220;.vc_custom_1650895223094{padding-top: -15px !important;}&#8220;][vc_empty_space][vc_column_text]<\/p>\n<h2>Wir helfen bei der Energiewende<\/h2>\n<p>[\/vc_column_text][vc_column_text]Wir machen aus elektronischen Z\u00e4hlern (z.B. moderne Messeinrichtung) clevere Smart Meter.[\/vc_column_text]<div class=\"qodef-separator-holder clearfix  qodef-separator-center\">\n\t<div class=\"qodef-separator\" ><\/div>\n<\/div>\n[\/vc_column][vc_column width=&#8220;1\/2&#8243; css=&#8220;.vc_custom_1660977208332{margin-right: 10px !important;margin-bottom: 20px !important;margin-left: 10px !important;padding-left: 0px !important;}&#8220;][vc_empty_space height=&#8220;17px&#8220;][vc_single_image image=&#8220;2222&#8243; img_size=&#8220;300&#215;166&#8243; alignment=&#8220;center&#8220; css_animation=&#8220;fadeIn&#8220;][vc_empty_space height=&#8220;37px&#8220;][vc_column_text]<\/p>\n<h3>Clevere Sensoren und Datenspeicher<\/h3>\n<p>[\/vc_column_text][vc_column_text css=&#8220;.vc_custom_1660907346589{padding-right: 30px !important;padding-left: 30px !important;}&#8220;]Unser CDC ist das Herzst\u00fcck in unserem Sensoren Eco-System auf welches wir \u00a0auch bereits ein Patent eingereicht haben. Multimetering auf neustem Level!<br \/>\nUnsere Sensoren unterst\u00fctzen dabei modernste \u00dcbertagungsstandards (z.B. LoRa) um Strom, Wasser, Gas, W\u00e4rme Z\u00e4hler auszulesen. &#8230; <a href=\"https:\/\/www.cleverhomelabs.com\/stageV3_53798\/index.php\/system-komponenten\/\">[weiter]<\/a>[\/vc_column_text][\/vc_column][vc_column width=&#8220;1\/2&#8243; css=&#8220;.vc_custom_1660977231817{margin-right: 10px !important;margin-bottom: 10px !important;margin-left: 10px !important;}&#8220;][vc_single_image image=&#8220;1549&#8243; img_size=&#8220;160&#215;200&#8243; alignment=&#8220;center&#8220;][vc_empty_space height=&#8220;20&#8243;][vc_column_text]<\/p>\n<h3>Server und App Softwarel\u00f6sungen<\/h3>\n<p>[\/vc_column_text][vc_column_text css=&#8220;.vc_custom_1660907383039{padding-right: 30px !important;padding-left: 30px !important;}&#8220;]Durch Analyse und Visualisierung des individuellen Verbrauchs und Nutzungsverhaltens ist es m\u00f6glich einen wichtigen Beitrag zu Reduzierung des CO2 Verbrauchs des jeweiligen Haushalts oder Gewerbebetriebs zu leisten. &#8230; <a href=\"http:\/\/www.cleverhomelabs.com\/stageV3_53798\/index.php\/system-komponenten\/software\/\">[weiter]<\/a>[\/vc_column_text][\/vc_column][vc_column][\/vc_column][\/vc_row][vc_row css=&#8220;.vc_custom_1650950308652{padding-top: 70px !important;}&#8220;][vc_column width=&#8220;1\/4&#8243;][\/vc_column][vc_column width=&#8220;1\/2&#8243;][vc_column_text css=&#8220;.vc_custom_1650958633403{padding-top: 70px !important;}&#8220;]<\/p>\n<h2 id=\"slider-31-slide-66-layer-3\" class=\"rs-layer FullSiteBlock-Title rs-pxl-1\" style=\"text-align: center;\" data-type=\"text\" data-color=\"rgba(51,51,51,1)\" data-rsp_ch=\"on\" data-xy=\"x:c;yo:100px,120px,100px,60px;\" data-text=\"w:normal;s:45,45,40,30;l:55,55,50,40;fw:300;a:center;\" data-dim=\"w:500px,500px,350px,300px;\" data-frame_0=\"y:50px;\" data-frame_1=\"e:power4.out;st:250;sp:2500;\" data-frame_999=\"y:10px;o:0;e:power4.out;st:w;sp:500;\" data-idcheck=\"true\" data-stylerecorder=\"true\" data-initialised=\"true\">Ihr Partner f\u00fcr individuelle Projekte und Projektrealisierer<\/h2>\n<p>[\/vc_column_text][vc_column_text css=&#8220;.vc_custom_1650958639985{padding-bottom: 71px !important;}&#8220;]<\/p>\n<h3 style=\"text-align: center;\">System Partner \/ System Haus<\/h3>\n<p>[\/vc_column_text][\/vc_column][vc_column width=&#8220;1\/4&#8243;][\/vc_column][\/vc_row][vc_row content_width=&#8220;grid&#8220; content_aligment=&#8220;center&#8220; css=&#8220;.vc_custom_1660907683212{margin-right: 20px !important;margin-left: 20px !important;padding-bottom: 71px !important;}&#8220;][vc_column width=&#8220;1\/3&#8243;][vc_single_image image=&#8220;1357&#8243; img_size=&#8220;95 x 166&#8243; alignment=&#8220;center&#8220; css=&#8220;.vc_custom_1650951014956{padding-top: 32px !important;padding-bottom: 32px !important;}&#8220;][vc_column_text css=&#8220;.vc_custom_1650950676651{padding-bottom: 58px !important;}&#8220;]<\/p>\n<h3>Ideenfindung<\/h3>\n<p>[\/vc_column_text][vc_column_text]Als Systemhaus entwickeln wir auch gerne nach ihren individuellen Anforderungen massgeschneiderte L\u00f6sungen basierend auf unserem Produktprotfolio aus unseren Hard- und Software-Komponenten.[\/vc_column_text][\/vc_column][vc_column width=&#8220;1\/3&#8243;][vc_single_image image=&#8220;1303&#8243; img_size=&#8220;184 x 166&#8243; alignment=&#8220;center&#8220; css=&#8220;.vc_custom_1650951143406{padding-top: 32px !important;padding-bottom: 32px !important;}&#8220;][vc_column_text css=&#8220;.vc_custom_1650950561872{padding-bottom: 32px !important;}&#8220;]<\/p>\n<h3>Sicherheitsanalysen<br \/>\nMachbarkeitsstudien<\/h3>\n<p>[\/vc_column_text][vc_column_text]Dabei beraten und begleiten wir Sie von der Idee bis zum Produkt-Rollout. Im Rahmen unserer Projektunterst\u00fctzung helfen wir dies f\u00fcr Sie und Ihre Endkunden DSGVO konform zu realisieren.[\/vc_column_text][\/vc_column][vc_column width=&#8220;1\/3&#8243;][vc_single_image image=&#8220;1344&#8243; img_size=&#8220;166&#215;166&#8243; alignment=&#8220;center&#8220; css=&#8220;.vc_custom_1650951326168{padding-top: 32px !important;padding-bottom: 32px !important;}&#8220;][vc_column_text css=&#8220;.vc_custom_1650950689183{padding-bottom: 58px !important;}&#8220;]<\/p>\n<h3>Hard- und Softwareentwicklung<\/h3>\n<p>[\/vc_column_text][vc_column_text]Durch individuelles Branding von unseren Hard und Software-Komponenten k\u00f6nnen Sie die Bindung und das Vertrauen ihrer Endkunden erh\u00f6hen. Auch die Sichtbarkeit Ihres Unternehmens oder Marke wird dadurch gesteigert.[\/vc_column_text][\/vc_column][\/vc_row][vc_row][vc_column][vc_empty_space][vc_column_text]<\/p>\n<h2 id=\"slider-31-slide-66-layer-3\" class=\"rs-layer FullSiteBlock-Title rs-pxl-1\" style=\"text-align: center;\" data-type=\"text\" data-color=\"rgba(51,51,51,1)\" data-rsp_ch=\"on\" data-xy=\"x:c;yo:100px,120px,100px,60px;\" data-text=\"w:normal;s:45,45,40,30;l:55,55,50,40;fw:300;a:center;\" data-dim=\"w:500px,500px,350px,300px;\" data-frame_0=\"y:50px;\" data-frame_1=\"e:power4.out;st:250;sp:2500;\" data-frame_999=\"y:10px;o:0;e:power4.out;st:w;sp:500;\" data-idcheck=\"true\" data-stylerecorder=\"true\" data-initialised=\"true\">Unsere Kunden<\/h2>\n<p>[\/vc_column_text][vc_empty_space][\/vc_column][\/vc_row][vc_row css=&#8220;.vc_custom_1650950308652{padding-top: 70px !important;}&#8220;][vc_column width=&#8220;1\/4&#8243;][\/vc_column][vc_column width=&#8220;1\/2&#8243;][vc_column_text css=&#8220;.vc_custom_1650958998404{padding-top: 70px !important;}&#8220;]<\/p>\n<h2 id=\"slider-31-slide-66-layer-3\" class=\"rs-layer FullSiteBlock-Title rs-pxl-1\" style=\"text-align: center;\" data-type=\"text\" data-color=\"rgba(51,51,51,1)\" data-rsp_ch=\"on\" data-xy=\"x:c;yo:100px,120px,100px,60px;\" data-text=\"w:normal;s:45,45,40,30;l:55,55,50,40;fw:300;a:center;\" data-dim=\"w:500px,500px,350px,300px;\" data-frame_0=\"y:50px;\" data-frame_1=\"e:power4.out;st:250;sp:2500;\" data-frame_999=\"y:10px;o:0;e:power4.out;st:w;sp:500;\" data-idcheck=\"true\" data-stylerecorder=\"true\" data-initialised=\"true\">Pers\u00f6nliche und Business<\/h2>\n<h2 class=\"rs-layer FullSiteBlock-Title rs-pxl-1\" style=\"text-align: center;\" data-type=\"text\" data-color=\"rgba(51,51,51,1)\" data-rsp_ch=\"on\" data-xy=\"x:c;yo:100px,120px,100px,60px;\" data-text=\"w:normal;s:45,45,40,30;l:55,55,50,40;fw:300;a:center;\" data-dim=\"w:500px,500px,350px,300px;\" data-frame_0=\"y:50px;\" data-frame_1=\"e:power4.out;st:250;sp:2500;\" data-frame_999=\"y:10px;o:0;e:power4.out;st:w;sp:500;\" data-idcheck=\"true\" data-stylerecorder=\"true\" data-initialised=\"true\">CO2 Optimierung<\/h2>\n<p>[\/vc_column_text][vc_column_text css=&#8220;.vc_custom_1650958922533{padding-bottom: 71px !important;}&#8220;]<\/p>\n<h3 style=\"text-align: center;\">mittels unserer System-Komponenten<\/h3>\n<p>[\/vc_column_text][\/vc_column][vc_column width=&#8220;1\/4&#8243;][\/vc_column][\/vc_row][vc_row content_aligment=&#8220;center&#8220; css=&#8220;.vc_custom_1660907716886{margin-right: 20px !important;margin-left: 20px !important;padding-bottom: 70px !important;}&#8220;][vc_column width=&#8220;1\/2&#8243;][vc_empty_space height=&#8220;33px&#8220;][vc_single_image image=&#8220;1353&#8243; img_size=&#8220;213&#215;160&#8243; alignment=&#8220;center&#8220; css_animation=&#8220;fadeIn&#8220;][vc_column_text css=&#8220;.vc_custom_1650959055111{padding-top: 32px !important;padding-bottom: 32px !important;}&#8220;]<\/p>\n<h3>Individuelle Kenntnis erm\u00f6glicht erst die Optimierung<\/h3>\n<p>[\/vc_column_text][vc_column_text]Reduktion von fossilen Energietr\u00e4gern, Fridays for Future, Klimawandel. All diese Punkte stehen mehr und mehr im Fokus. Die Dekabonisierung ist ein erkl\u00e4rtes Ziel der Bundesregierung. Besonders unter der Ber\u00fccksichtigung der kommenden CO2 Zertifikate.[\/vc_column_text][\/vc_column][vc_column width=&#8220;1\/2&#8243;][vc_empty_space height=&#8220;33px&#8220;][vc_single_image image=&#8220;1379&#8243; img_size=&#8220;medium&#8220; alignment=&#8220;center&#8220; css_animation=&#8220;fadeIn&#8220;][vc_column_text css=&#8220;.vc_custom_1650959067072{padding-top: 32px !important;padding-bottom: 32px !important;}&#8220;]<\/p>\n<h3>Spielerisch die Energiewende unterst\u00fctzen<\/h3>\n<p>[\/vc_column_text][vc_column_text]Auch Schulen und andere Bildungseinrichtungen sind in unserm Focus. So k\u00f6nnen z. B. auch Schulklassen Spielerisch den nachhaltigen Umgang mit dem individuellen CO2 Footprint in unseren Apps lernen. Da haben wir f\u00fcr die Zukunft noch viele innovative Ideen.[\/vc_column_text][\/vc_column][\/vc_row]<\/p>\n<\/div>","protected":false},"excerpt":{"rendered":"<p>[vc_row anchor=&#8220;energiewende&#8220; content_aligment=&#8220;center&#8220; css=&#8220;.vc_custom_1688205546073{padding-top: -10px !important;padding-bottom: 71px !important;background-color: #f0ede8 !important;}&#8220;][vc_column][vc_single_image image=&#8220;2244&#8243; img_size=&#8220;400&#215;200&#8243; alignment=&#8220;center&#8220; css=&#8220;.vc_custom_1650895223094{padding-top: -15px !important;}&#8220;][vc_empty_space][vc_column_text] Wir helfen bei der Energiewende [\/vc_column_text][vc_column_text]Wir machen aus elektronischen Z\u00e4hlern (z.B. moderne Messeinrichtung) clevere Smart Meter.[\/vc_column_text][\/vc_column][vc_column width=&#8220;1\/2&#8243; css=&#8220;.vc_custom_1660977208332{margin-right: 10px !important;margin-bottom: 20px !important;margin-left: 10px !important;padding-left: 0px !important;}&#8220;][vc_empty_space height=&#8220;17px&#8220;][vc_single_image image=&#8220;2222&#8243; img_size=&#8220;300&#215;166&#8243;&#8230;<\/p>\n","protected":false},"author":1,"featured_media":0,"parent":0,"menu_order":0,"comment_status":"closed","ping_status":"closed","template":"","meta":{"footnotes":""},"class_list":["post-2262","page","type-page","status-publish","hentry"],"_links":{"self":[{"href":"https:\/\/www.cleverhomelabs.com\/v4\/index.php\/wp-json\/wp\/v2\/pages\/2262","targetHints":{"allow":["GET"]}}],"collection":[{"href":"https:\/\/www.cleverhomelabs.com\/v4\/index.php\/wp-json\/wp\/v2\/pages"}],"about":[{"href":"https:\/\/www.cleverhomelabs.com\/v4\/index.php\/wp-json\/wp\/v2\/types\/page"}],"author":[{"embeddable":true,"href":"https:\/\/www.cleverhomelabs.com\/v4\/index.php\/wp-json\/wp\/v2\/users\/1"}],"replies":[{"embeddable":true,"href":"https:\/\/www.cleverhomelabs.com\/v4\/index.php\/wp-json\/wp\/v2\/comments?post=2262"}],"version-history":[{"count":5,"href":"https:\/\/www.cleverhomelabs.com\/v4\/index.php\/wp-json\/wp\/v2\/pages\/2262\/revisions"}],"predecessor-version":[{"id":4092,"href":"https:\/\/www.cleverhomelabs.com\/v4\/index.php\/wp-json\/wp\/v2\/pages\/2262\/revisions\/4092"}],"wp:attachment":[{"href":"https:\/\/www.cleverhomelabs.com\/v4\/index.php\/wp-json\/wp\/v2\/media?parent=2262"}],"curies":[{"name":"wp","href":"https:\/\/api.w.org\/{rel}","templated":true}]}}