{"id":1596,"date":"2020-09-29T10:21:55","date_gmt":"2020-09-29T08:21:55","guid":{"rendered":"http:\/\/www.cleverhomelabs.com\/stage53798\/?page_id=1596"},"modified":"2023-07-04T15:56:10","modified_gmt":"2023-07-04T13:56:10","slug":"datensicherheit","status":"publish","type":"page","link":"https:\/\/www.cleverhomelabs.com\/v4\/index.php\/datensicherheit\/","title":{"rendered":"Datensicherheit"},"content":{"rendered":"<div class=\"wpb-content-wrapper\"><p>[vc_row][vc_column width=&#8220;2\/3&#8243;][vc_raw_html]JTNDaDElMjBzdHlsZSUzRCUyMnRvcCUzQSUyMDMwMHB4JTNCJTBBbGVmdCUzQSUyMDkwcHglM0IlMEFiYWNrZ3JvdW5kLXNpemUlM0ElMjBpbmhlcml0JTNCJTBBYmFja2dyb3VuZC1wb3NpdGlvbiUzQSUyMGluaGVyaXQlM0IlMEFmb250LXNpemUlM0ElMjA5MHB4JTNCJTBBY29sb3IlM0ElMjByZ2JhJTI4MCUyQyUyMDAlMkMlMjAwJTJDJTIwMC43MyUyOSUzQiUwQW1hcmdpbiUzQSUyMDBweCUzQiUwQXotaW5kZXglM0ElMjBhdXRvJTNCJTBBd2lkdGglM0ElMjA3MDBweCUzQiUwQWhlaWdodCUzQSUyMDEwMHB4JTNCJTBBcGFkZGluZyUzQSUyMDBweCUzQiUwQWJvcmRlci13aWR0aCUzQSUyMDBweCUzQiUwQWJvcmRlci1yYWRpdXMlM0ElMjAwcHglM0IlMEFsZXR0ZXItc3BhY2luZyUzQSUyMDBweCUzQiUyMiUzRSUzQ2JyJTNFRGF0ZW5zaWNoZXJoZWl0JTNDJTJGaDElM0U=[\/vc_raw_html][\/vc_column][vc_column width=&#8220;1\/3&#8243;][vc_single_image image=&#8220;1244&#8243; img_size=&#8220;large&#8220;][\/vc_column][\/vc_row][vc_row css=&#8220;.vc_custom_1688478965864{padding-bottom: 54px !important;}&#8220;][vc_column][vc_column_text]Datensammlung und -haltung tritt in diesen Tagen immer mehr in den Blickpunkt.<span class=\"Apple-converted-space\">\u00a0<\/span><\/p>\n<p>Da auch aus den Daten der Energie- und Ressourcenz\u00e4hlern hervorragende\u00a0Profile, \u00fcber die Lebensumst\u00e4nde bzw. Officenutzung erzeugt werden k\u00f6nnen, halten wir es f\u00fcr richtig, diese detaillierten Daten standardm\u00e4\u00dfig nicht in einer Cloud zu sammeln, sondern direkt beim Kunden. Damit beh\u00e4lt der Kunde die Hoheit seiner Daten.<\/p>\n<p>Abrechnungsrelevante Daten sollten\u00a0selektiv an die Energie-Lieferanten freigegeben und \u00fcbermittelt werden k\u00f6nnen, ohne dass der minutengenaue Verbrauch in einer Cloud gespeichert werden muss. Datenschutz relevanten Problemen wird so aus dem Weg gegangen.<span class=\"Apple-converted-space\">\u00a0<\/span><\/p>\n<p>Nat\u00fcrlich steht es jedem frei, diese Daten auch komplett zu teilen, wenn es notwendig oder sinnvoll erscheint. So k\u00f6nnen beispielsweise einem Energieberater die Daten f\u00fcr die Analyse freigeben werden. Hier zu k\u00f6nnen die Daten auch an andere Server nach Zustimmung weitergeleitet werden. Dieses k\u00f6nnte auch interessant sein um ein Backup der Daten zu erzeugen.<\/p>\n<p>Ein Push Service kann auch, ohne das Speichern der Daten in der Cloud, \u00fcber Zust\u00e4nde informieren wenn z.B. pl\u00f6tzlich \u00fcber l\u00e4ngere Zeit ein hoher Strom- oder Gasverbrauch festgestellt wird.[\/vc_column_text][\/vc_column][\/vc_row]<\/p>\n<\/div>","protected":false},"excerpt":{"rendered":"<p>[vc_row][vc_column width=&#8220;2\/3&#8243;][vc_raw_html]JTNDaDElMjBzdHlsZSUzRCUyMnRvcCUzQSUyMDMwMHB4JTNCJTBBbGVmdCUzQSUyMDkwcHglM0IlMEFiYWNrZ3JvdW5kLXNpemUlM0ElMjBpbmhlcml0JTNCJTBBYmFja2dyb3VuZC1wb3NpdGlvbiUzQSUyMGluaGVyaXQlM0IlMEFmb250LXNpemUlM0ElMjA5MHB4JTNCJTBBY29sb3IlM0ElMjByZ2JhJTI4MCUyQyUyMDAlMkMlMjAwJTJDJTIwMC43MyUyOSUzQiUwQW1hcmdpbiUzQSUyMDBweCUzQiUwQXotaW5kZXglM0ElMjBhdXRvJTNCJTBBd2lkdGglM0ElMjA3MDBweCUzQiUwQWhlaWdodCUzQSUyMDEwMHB4JTNCJTBBcGFkZGluZyUzQSUyMDBweCUzQiUwQWJvcmRlci13aWR0aCUzQSUyMDBweCUzQiUwQWJvcmRlci1yYWRpdXMlM0ElMjAwcHglM0IlMEFsZXR0ZXItc3BhY2luZyUzQSUyMDBweCUzQiUyMiUzRSUzQ2JyJTNFRGF0ZW5zaWNoZXJoZWl0JTNDJTJGaDElM0U=[\/vc_raw_html][\/vc_column][vc_column width=&#8220;1\/3&#8243;][vc_single_image image=&#8220;1244&#8243; img_size=&#8220;large&#8220;][\/vc_column][\/vc_row][vc_row css=&#8220;.vc_custom_1688478965864{padding-bottom: 54px !important;}&#8220;][vc_column][vc_column_text]Datensammlung und -haltung tritt in diesen Tagen immer mehr in den Blickpunkt.\u00a0 Da auch aus den Daten der Energie- und Ressourcenz\u00e4hlern hervorragende\u00a0Profile, \u00fcber die Lebensumst\u00e4nde bzw. Officenutzung erzeugt werden k\u00f6nnen, halten wir es f\u00fcr richtig, diese detaillierten Daten&#8230;<\/p>\n","protected":false},"author":1,"featured_media":0,"parent":0,"menu_order":0,"comment_status":"closed","ping_status":"closed","template":"","meta":{"footnotes":""},"class_list":["post-1596","page","type-page","status-publish","hentry"],"_links":{"self":[{"href":"https:\/\/www.cleverhomelabs.com\/v4\/index.php\/wp-json\/wp\/v2\/pages\/1596","targetHints":{"allow":["GET"]}}],"collection":[{"href":"https:\/\/www.cleverhomelabs.com\/v4\/index.php\/wp-json\/wp\/v2\/pages"}],"about":[{"href":"https:\/\/www.cleverhomelabs.com\/v4\/index.php\/wp-json\/wp\/v2\/types\/page"}],"author":[{"embeddable":true,"href":"https:\/\/www.cleverhomelabs.com\/v4\/index.php\/wp-json\/wp\/v2\/users\/1"}],"replies":[{"embeddable":true,"href":"https:\/\/www.cleverhomelabs.com\/v4\/index.php\/wp-json\/wp\/v2\/comments?post=1596"}],"version-history":[{"count":6,"href":"https:\/\/www.cleverhomelabs.com\/v4\/index.php\/wp-json\/wp\/v2\/pages\/1596\/revisions"}],"predecessor-version":[{"id":3510,"href":"https:\/\/www.cleverhomelabs.com\/v4\/index.php\/wp-json\/wp\/v2\/pages\/1596\/revisions\/3510"}],"wp:attachment":[{"href":"https:\/\/www.cleverhomelabs.com\/v4\/index.php\/wp-json\/wp\/v2\/media?parent=1596"}],"curies":[{"name":"wp","href":"https:\/\/api.w.org\/{rel}","templated":true}]}}