{"id":1504,"date":"2020-09-28T21:03:18","date_gmt":"2020-09-28T19:03:18","guid":{"rendered":"http:\/\/www.cleverhomelabs.com\/stage53798\/?page_id=1504"},"modified":"2022-08-24T16:19:22","modified_gmt":"2022-08-24T14:19:22","slug":"ueber-uns","status":"publish","type":"page","link":"https:\/\/www.cleverhomelabs.com\/v4\/index.php\/ueber-uns\/","title":{"rendered":"\u00dcber uns"},"content":{"rendered":"\n<h2 class=\"wp-block-heading\"><br>Clever Home Labs GmbH<\/h2>\n\n\n\n<div style=\"height:100px\" aria-hidden=\"true\" class=\"wp-block-spacer\"><\/div>\n\n\n\n<div class=\"wp-block-columns is-layout-flex wp-container-core-columns-is-layout-9d6595d7 wp-block-columns-is-layout-flex\">\n<div class=\"wp-block-column is-layout-flow wp-block-column-is-layout-flow\">\n<figure class=\"wp-block-image size-full\"><img fetchpriority=\"high\" decoding=\"async\" width=\"1024\" height=\"768\" src=\"http:\/\/www.cleverhomelabs.com\/stageV3_53798\/wp-content\/uploads\/2022\/08\/Matthias-Fricke-2021-small.jpg\" alt=\"\" class=\"wp-image-2652\" srcset=\"https:\/\/www.cleverhomelabs.com\/v4\/wp-content\/uploads\/2022\/08\/Matthias-Fricke-2021-small.jpg 1024w, https:\/\/www.cleverhomelabs.com\/v4\/wp-content\/uploads\/2022\/08\/Matthias-Fricke-2021-small-300x225.jpg 300w, https:\/\/www.cleverhomelabs.com\/v4\/wp-content\/uploads\/2022\/08\/Matthias-Fricke-2021-small-768x576.jpg 768w, https:\/\/www.cleverhomelabs.com\/v4\/wp-content\/uploads\/2022\/08\/Matthias-Fricke-2021-small-800x600.jpg 800w, https:\/\/www.cleverhomelabs.com\/v4\/wp-content\/uploads\/2022\/08\/Matthias-Fricke-2021-small-600x450.jpg 600w\" sizes=\"(max-width: 1024px) 100vw, 1024px\" \/><\/figure>\n<\/div>\n\n\n\n<div class=\"wp-block-column is-layout-flow wp-block-column-is-layout-flow\">\n<p>Matthias Fricke, Gesch\u00e4ftsf\u00fchrer<\/p>\n\n\n\n<p>Matthias Fricke war zuletzt bei einem der erfolgreichsten Mobile Games Studios in Europa als Chief Technologie Officer t\u00e4tig. Er blickt auf erfolgreiche Firmengr\u00fcndungen und einen langj\u00e4hrigen Aufenthalt in den USA zur\u00fcck. Mitte der 90er gr\u00fcndete er mit seinem Businesspartner eine der am schnellsten wachsenden und profitabelsten E-Commerce-Software-Spezialisten in Deutschland. 2001 wurde das Unternehmen von der SinnerSchrader AG (heute Teil von Accenture Interactive) \u00fcbernommen. Internet-Technologie zieht sich wie ein roter Faden durch seine gesamte Laufbahn.<br>Seit dem Studium der Elektrotechnik mit der Fachrichtung Datentechnik immer schon an der Schnittstelle zwischen Hard- und Software interessiert, leitet Matthias Fricke bei Clever Home Labs zus\u00e4tzlich auch die Hardware Prototypen Entwicklung.<\/p>\n\n\n\n<p><\/p>\n<\/div>\n<\/div>\n\n\n\n<div style=\"height:32px\" aria-hidden=\"true\" class=\"wp-block-spacer\"><\/div>\n\n\n\n<h4 class=\"wp-block-heading\">Geschichte<\/h4>\n\n\n\n<p>Die Idee zur Clever Home Labs GmbH geisterte&nbsp;Matthias Fricke schon mehrere Jahre durch den Kopf. Vielleicht kennen Sie das ja auch, dass Ihre Kinder gerne mal das Licht anlassen. Nach vielen Jahren verschiedener Home Automatisierungsl\u00f6sungen wurde tats\u00e4chlich viel im Haus automatisiert. Aber erst nach der Anschaffung eines E-Autos und einer Solaranlage konkretisierte sich das ganze Projekt mehr und mehr. Matthias Fricke fing an in seiner Freizeit eine App f\u00fcr seine Apple Watch zu schreiben, um sofort sehen zu k\u00f6nnen, wann er Strom produzierte, um ihn dann effektiv verwenden zu k\u00f6nnen. Dabei stellte sich heraus, dass man durch das Messen aller drei Phasen im Haus relativ genau sagen konnte, welche Ger\u00e4te an waren. Hierbei ergaben sich ganz neue Wege der Analyse und auch der Steuerung. Das wiederum er\u00f6ffnet ganz neue Wege des Profiling und birgt damit verbunden auch Sicherheitsrisiken, denn diese Daten sind hochsensibel und sollten in der Hoheit des Kunden bleiben. Im Jahr 2017 entschied Matthias Fricke sich dann eine Firma in diesem Bereich zu gr\u00fcnden. Mit mehr als 25 Jahren IT und Internet Erfahrung kann er viel Know-how aufweisen und steht seinen Kunden mit Rat und Tat zur Seite.<\/p>\n\n\n\n<div style=\"height:100px\" aria-hidden=\"true\" class=\"wp-block-spacer\"><\/div>\n","protected":false},"excerpt":{"rendered":"<p>Clever Home Labs GmbH Matthias Fricke, Gesch\u00e4ftsf\u00fchrer Matthias Fricke war zuletzt bei einem der erfolgreichsten Mobile Games Studios in Europa als Chief Technologie Officer t\u00e4tig. Er blickt auf erfolgreiche Firmengr\u00fcndungen und einen langj\u00e4hrigen Aufenthalt in den USA zur\u00fcck. Mitte der 90er gr\u00fcndete er mit seinem&#8230;<\/p>\n","protected":false},"author":1,"featured_media":0,"parent":0,"menu_order":0,"comment_status":"closed","ping_status":"closed","template":"","meta":{"footnotes":""},"class_list":["post-1504","page","type-page","status-publish","hentry"],"_links":{"self":[{"href":"https:\/\/www.cleverhomelabs.com\/v4\/index.php\/wp-json\/wp\/v2\/pages\/1504","targetHints":{"allow":["GET"]}}],"collection":[{"href":"https:\/\/www.cleverhomelabs.com\/v4\/index.php\/wp-json\/wp\/v2\/pages"}],"about":[{"href":"https:\/\/www.cleverhomelabs.com\/v4\/index.php\/wp-json\/wp\/v2\/types\/page"}],"author":[{"embeddable":true,"href":"https:\/\/www.cleverhomelabs.com\/v4\/index.php\/wp-json\/wp\/v2\/users\/1"}],"replies":[{"embeddable":true,"href":"https:\/\/www.cleverhomelabs.com\/v4\/index.php\/wp-json\/wp\/v2\/comments?post=1504"}],"version-history":[{"count":0,"href":"https:\/\/www.cleverhomelabs.com\/v4\/index.php\/wp-json\/wp\/v2\/pages\/1504\/revisions"}],"wp:attachment":[{"href":"https:\/\/www.cleverhomelabs.com\/v4\/index.php\/wp-json\/wp\/v2\/media?parent=1504"}],"curies":[{"name":"wp","href":"https:\/\/api.w.org\/{rel}","templated":true}]}}