{"id":1424,"date":"2020-09-28T11:38:26","date_gmt":"2020-09-28T09:38:26","guid":{"rendered":"http:\/\/www.cleverhomelabs.com\/stage53798\/?page_id=1424"},"modified":"2023-05-21T10:02:27","modified_gmt":"2023-05-21T08:02:27","slug":"system-komponenten","status":"publish","type":"page","link":"https:\/\/www.cleverhomelabs.com\/v4\/index.php\/system-komponenten\/","title":{"rendered":"System-Komponenten"},"content":{"rendered":"<div class=\"wpb-content-wrapper\"><p>[vc_row content_aligment=&#8220;center&#8220;][vc_column][vc_single_image image=&#8220;1594&#8243; img_size=&#8220;full&#8220; alignment=&#8220;center&#8220;][\/vc_column][\/vc_row][vc_row css=&#8220;.vc_custom_1650967451350{padding-top: 70px !important;padding-bottom: 71px !important;}&#8220;][vc_column width=&#8220;1\/3&#8243;][vc_single_image image=&#8220;2222&#8243; img_size=&#8220;304&#215;166&#8243; alignment=&#8220;right&#8220;][\/vc_column][vc_column width=&#8220;1\/3&#8243;][vc_column_text]<\/p>\n<div class=\"wpb_text_column wpb_content_element \">\n<div class=\"wpb_wrapper\">\n<p>Unser Clever Data Controller (CDC) ist das Herzst\u00fcck in unserem Sensoren Eco-System. Multimetering auf neustem Level!<br \/>\nUnsere Sensoren unterst\u00fctzen dabei modernste \u00dcbertagungsstandards (z.B. LoRa) um Strom-, Wasser-, Gas- und W\u00e4rmez\u00e4hler auszulesen und die Daten anschlie\u00dfend an den CDC zu \u00fcbertragen. Sie unterliegen damit nicht den Limitierungen in Bezug der Reichweite von WLAN Netzwerken. Wir haben viel Know-how in diese System-Komponenten gesteckt und auch bereits ein Patent daf\u00fcr angemeldet.<\/p>\n<\/div>\n<\/div>\n<p>[\/vc_column_text][\/vc_column][vc_column width=&#8220;1\/3&#8243;]<a href=\"index.php\/system-komponenten\/clever-data-controller\/\" target=\"_self\"  class=\"qodef-btn qodef-btn-medium qodef-btn-default\"  >\n        <span class=\"qodef-btn-text\">Controller<\/span>\n    <span class=\"qodef-btn-text-icon\"><\/span>\n<\/a>[vc_empty_space height=&#8220;16px&#8220;]<a href=\"index.php\/system-komponenten\/sensoren\/\" target=\"_self\"  class=\"qodef-btn qodef-btn-medium qodef-btn-default\"  >\n        <span class=\"qodef-btn-text\">Sensoren<\/span>\n    <span class=\"qodef-btn-text-icon\"><\/span>\n<\/a>[vc_empty_space height=&#8220;16px&#8220;]<a href=\"index.php\/system-komponenten\/software\/\" target=\"_self\"  class=\"qodef-btn qodef-btn-medium qodef-btn-default\"  >\n        <span class=\"qodef-btn-text\">Software<\/span>\n    <span class=\"qodef-btn-text-icon\"><\/span>\n<\/a>[\/vc_column][\/vc_row]<\/p>\n<\/div>","protected":false},"excerpt":{"rendered":"<p>[vc_row content_aligment=&#8220;center&#8220;][vc_column][vc_single_image image=&#8220;1594&#8243; img_size=&#8220;full&#8220; alignment=&#8220;center&#8220;][\/vc_column][\/vc_row][vc_row css=&#8220;.vc_custom_1650967451350{padding-top: 70px !important;padding-bottom: 71px !important;}&#8220;][vc_column width=&#8220;1\/3&#8243;][vc_single_image image=&#8220;2222&#8243; img_size=&#8220;304&#215;166&#8243; alignment=&#8220;right&#8220;][\/vc_column][vc_column width=&#8220;1\/3&#8243;][vc_column_text] Unser Clever Data Controller (CDC) ist das Herzst\u00fcck in unserem Sensoren Eco-System. Multimetering auf neustem Level! Unsere Sensoren unterst\u00fctzen dabei modernste \u00dcbertagungsstandards (z.B. LoRa) um Strom-, Wasser-, Gas- und W\u00e4rmez\u00e4hler&#8230;<\/p>\n","protected":false},"author":1,"featured_media":0,"parent":0,"menu_order":0,"comment_status":"closed","ping_status":"closed","template":"","meta":{"footnotes":""},"class_list":["post-1424","page","type-page","status-publish","hentry"],"_links":{"self":[{"href":"https:\/\/www.cleverhomelabs.com\/v4\/index.php\/wp-json\/wp\/v2\/pages\/1424","targetHints":{"allow":["GET"]}}],"collection":[{"href":"https:\/\/www.cleverhomelabs.com\/v4\/index.php\/wp-json\/wp\/v2\/pages"}],"about":[{"href":"https:\/\/www.cleverhomelabs.com\/v4\/index.php\/wp-json\/wp\/v2\/types\/page"}],"author":[{"embeddable":true,"href":"https:\/\/www.cleverhomelabs.com\/v4\/index.php\/wp-json\/wp\/v2\/users\/1"}],"replies":[{"embeddable":true,"href":"https:\/\/www.cleverhomelabs.com\/v4\/index.php\/wp-json\/wp\/v2\/comments?post=1424"}],"version-history":[{"count":3,"href":"https:\/\/www.cleverhomelabs.com\/v4\/index.php\/wp-json\/wp\/v2\/pages\/1424\/revisions"}],"predecessor-version":[{"id":3416,"href":"https:\/\/www.cleverhomelabs.com\/v4\/index.php\/wp-json\/wp\/v2\/pages\/1424\/revisions\/3416"}],"wp:attachment":[{"href":"https:\/\/www.cleverhomelabs.com\/v4\/index.php\/wp-json\/wp\/v2\/media?parent=1424"}],"curies":[{"name":"wp","href":"https:\/\/api.w.org\/{rel}","templated":true}]}}